{"id":72,"date":"2021-08-26T02:31:53","date_gmt":"2021-08-26T02:31:53","guid":{"rendered":"https:\/\/shtheme.org\/demosd\/uricko\/?page_id=72"},"modified":"2022-04-04T14:24:31","modified_gmt":"2022-04-04T14:24:31","slug":"about-us","status":"publish","type":"page","link":"https:\/\/casasmariavicencio.com\/mv\/about-us\/","title":{"rendered":"About"},"content":{"rendered":"\t\t<div data-elementor-type=\"wp-page\" data-elementor-id=\"72\" class=\"elementor elementor-72\" data-elementor-settings=\"[]\">\n\t\t\t\t\t\t\t<div class=\"elementor-section-wrap\">\n\t\t\t\t\t\t\t<section class=\"elementor-section elementor-top-section elementor-element elementor-element-f51979a elementor-section-full_width elementor-section-height-default elementor-section-height-default\" data-id=\"f51979a\" data-element_type=\"section\">\n\t\t\t\t\t\t<div class=\"elementor-container elementor-column-gap-no\">\n\t\t\t\t\t<div class=\"elementor-column elementor-col-100 elementor-top-column elementor-element elementor-element-99fabf6\" data-id=\"99fabf6\" data-element_type=\"column\">\n\t\t\t<div class=\"elementor-widget-wrap elementor-element-populated\">\n\t\t\t\t\t\t\t\t<div class=\"elementor-element elementor-element-313f74b elementor-align-left elementor-widget elementor-widget-bdevs-banner\" data-id=\"313f74b\" data-element_type=\"widget\" data-widget_type=\"bdevs-banner.default\">\n\t\t\t\t<div class=\"elementor-widget-container\">\n\t\t\t\t\t<section class=\"page-title\" style=\"background-image: url(https:\/\/casasmariavicencio.com\/mv\/wp-content\/uploads\/2022\/04\/e3c73352fb2f466daa0c0b7869c8ecc7.webp)\">\r\n\t\t\t\t\t    <div class=\"icon-layer-one\" style=\"background-image: url(https:\/\/casasmariavicencio.com\/mv\/wp-content\/themes\/uricko\/images\/icons\/icon-1.png)\"><\/div>\r\n\t\t    <div class=\"icon-layer-two\" style=\"background-image: url(https:\/\/casasmariavicencio.com\/mv\/wp-content\/themes\/uricko\/images\/icons\/icon-3.png)\"><\/div>\r\n\t\t    <div class=\"icon-layer-three\" style=\"background-image: url(https:\/\/casasmariavicencio.com\/mv\/wp-content\/themes\/uricko\/images\/icons\/icon-2.png)\"><\/div>\r\n\t\t\t\t\t    <div class=\"auto-container\">\r\n\t            <h2>Acerca de m\u00ed<\/h2>\r\n\t            \t\t      \t<ul class=\"page-breadcrumb\">\r\n\t\t\t        <li><a href=\"https:\/\/casasmariavicencio.com\/mv\/\">Inicio<\/a><\/li>\r\n\t\t\t        <li>Acerca de m\u00ed<\/li>\r\n\t\t      \t<\/ul>\r\n\t\t      \t\t    \t<\/div>\r\n\t  <\/section>\r\n\t\t\t<\/div>\n\t\t\t\t<\/div>\n\t\t\t\t\t<\/div>\n\t\t<\/div>\n\t\t\t\t\t\t\t<\/div>\n\t\t<\/section>\n\t\t\t\t<section class=\"elementor-section elementor-top-section elementor-element elementor-element-c74688d elementor-section-full_width elementor-section-height-default elementor-section-height-default\" data-id=\"c74688d\" data-element_type=\"section\">\n\t\t\t\t\t\t<div class=\"elementor-container elementor-column-gap-no\">\n\t\t\t\t\t<div class=\"elementor-column elementor-col-100 elementor-top-column elementor-element elementor-element-ecc1cb5\" data-id=\"ecc1cb5\" data-element_type=\"column\">\n\t\t\t<div class=\"elementor-widget-wrap elementor-element-populated\">\n\t\t\t\t\t\t\t\t<div class=\"elementor-element elementor-element-96f3b37 elementor-align-left elementor-widget elementor-widget-bdevs-about\" data-id=\"96f3b37\" data-element_type=\"widget\" data-widget_type=\"bdevs-about.default\">\n\t\t\t\t<div class=\"elementor-widget-container\">\n\t\t\t\t\t<section class=\"business-section\">\r\n\t\t      <div class=\"auto-container\">\r\n\t\t        <div class=\"row clearfix\">\r\n\t\t        \r\n\t\t          <!-- Image Column -->\r\n\t\t          <div class=\"image-column col-lg-6 col-md-12 col-sm-12\">\r\n\t\t            <div class=\"inner-column\">\r\n\t\t              <div class=\"image\">\r\n\t\t                <img decoding=\"async\" src=\"https:\/\/casasmariavicencio.com\/mv\/wp-content\/uploads\/2022\/04\/WhatsApp-Image-2022-03-31-at-10.22.40-PM.jpeg\" alt=\"\" \/>\r\n\t\t              <\/div>\r\n\t\t              <div class=\"image-two\">\r\n\t\t                <img decoding=\"async\" src=\"\" alt=\"\" \/>\r\n\t\t              <\/div>\r\n\t\t            <\/div>\r\n\t\t          <\/div>\r\n\t\t          \r\n\t\t          <!-- Content Column -->\r\n\t\t          <div class=\"content-column col-lg-6 col-md-12 col-sm-12\">\r\n\t\t            <div class=\"inner-column\">\r\n\t\t            \t\t\t\t              <h2>Soy Mar\u00eda Vicencio<\/h2>\r\n\t\t\t          \t\t\t\t              <div class=\"text\">\r\n\t\t\t                <p>Trabajo para Intero en servicios de bienes ra\u00edces. Soy Inmigrante de M\u00e9xico y nac\u00ed en un peque\u00f1o pueblo llamado \"La Huerta, Jalisco\". Sirvo a la Comunidad Latina en la industria de Bienes Ra\u00edces desde el a\u00f1o 2004.<\/p><p>Ayudo a las personas a salvar sus casas haciendo modificaciones de pr\u00e9stamos y ventas durante tiempos dif\u00edciles. Mi pasi\u00f3n es ayudar a mi gente que cumpla su sue\u00f1o Americano aqu\u00ed en los Estado Unidos. Perm\u00edteme ayudar y compartir mi experiencia contigo.<\/p>\t\t\t              <\/div>\r\n\t\t\t              \t\t\t              <div class=\"founder\">\r\n\t\t\t                Profesional en Bienes ra\u00edces - 14 a\u00f1os de experiencia\t\t\t                <span class=\"signature\"><img decoding=\"async\" src=\"\" alt=\"\" \/><\/span>\r\n\t\t\t              <\/div>\r\n\t\t\t          \t  \t\t            <\/div>\r\n\t\t          <\/div>\r\n\t\t          \r\n\t\t        <\/div>\r\n\t\t      <\/div>\r\n\t    <\/section>\r\n\t\t\t<\/div>\n\t\t\t\t<\/div>\n\t\t\t\t\t<\/div>\n\t\t<\/div>\n\t\t\t\t\t\t\t<\/div>\n\t\t<\/section>\n\t\t\t\t<section class=\"elementor-section elementor-top-section elementor-element elementor-element-26d1e58 elementor-section-full_width elementor-section-height-default elementor-section-height-default\" data-id=\"26d1e58\" data-element_type=\"section\">\n\t\t\t\t\t\t<div class=\"elementor-container elementor-column-gap-no\">\n\t\t\t\t\t<div class=\"elementor-column elementor-col-100 elementor-top-column elementor-element elementor-element-d6ee257\" data-id=\"d6ee257\" data-element_type=\"column\">\n\t\t\t<div class=\"elementor-widget-wrap elementor-element-populated\">\n\t\t\t\t\t\t\t\t<div class=\"elementor-element elementor-element-5aca6ab elementor-align-left elementor-widget elementor-widget-bdevs-skill\" data-id=\"5aca6ab\" data-element_type=\"widget\" data-widget_type=\"bdevs-skill.default\">\n\t\t\t\t<div class=\"elementor-widget-container\">\n\t\t\t\t\t<section class=\"progress-section\">\r\n\t\t      <div class=\"auto-container\">\r\n\t\t        <div class=\"row clearfix\">\r\n\t\t          <!-- Content Column -->\r\n\t\t          <div class=\"content-column col-lg-6 col-md-12 col-sm-12\">\r\n\t\t            <div class=\"inner-column\">\r\n\t\t              <!-- Title Box -->\r\n\t\t              <div class=\"title-box\">\r\n\t\t              \t\t\t                <div class=\"title\"><span class=\"circle\"><\/span>Nuestro objetivo<\/div>\r\n\t\t            \t\t\t                \t\t                <h2>\u00a1Es ayudarte hasta lograrlo!<\/h2>\r\n\t\t                \t\t                \t\t                <div class=\"text\">Somos profesionales con m\u00e1s de 20 a\u00f1os de experiencia en Real Estate. Adem\u00e1s, hablamos tu idioma.<\/div>\r\n\t\t                \t\t              <\/div>\r\n\t\t              \r\n\t\t              <!-- Skills -->\r\n\t\t              <div class=\"skills\">\r\n\t\t              \t\t\t                <!-- Skill Item -->\r\n\t\t                <div class=\"skill-item\">\r\n\t\t                  <div class=\"skill-header clearfix\">\r\n\t\t                    <div class=\"skill-title\">Ingl\u00e9s<\/div>\r\n\t\t                  <\/div>\r\n\t\t                  <div class=\"skill-bar\">\r\n\t\t                    <div class=\"bar-inner\">\r\n\t\t                      <div class=\"bar progress-line\" data-width=\"100\">\r\n\t\t                        <div class=\"skill-percentage\"><div class=\"count-box\"><span class=\"count-text\" data-speed=\"2000\" data-stop=\"100\">0<\/span>%<\/div><\/div>\r\n\t\t                      <\/div>\r\n\t\t                    <\/div>\r\n\t\t                  <\/div>\r\n\t\t                <\/div>\r\n\r\n\t\t                \t\t                <!-- Skill Item -->\r\n\t\t                <div class=\"skill-item\">\r\n\t\t                  <div class=\"skill-header clearfix\">\r\n\t\t                    <div class=\"skill-title\">Espa\u00f1ol<\/div>\r\n\t\t                  <\/div>\r\n\t\t                  <div class=\"skill-bar\">\r\n\t\t                    <div class=\"bar-inner\">\r\n\t\t                      <div class=\"bar progress-line\" data-width=\"100\">\r\n\t\t                        <div class=\"skill-percentage\"><div class=\"count-box\"><span class=\"count-text\" data-speed=\"2000\" data-stop=\"100\">0<\/span>%<\/div><\/div>\r\n\t\t                      <\/div>\r\n\t\t                    <\/div>\r\n\t\t                  <\/div>\r\n\t\t                <\/div>\r\n\r\n\t\t                \t\t              <\/div>\r\n\t\t              \r\n\t\t            <\/div>\r\n\t\t          <\/div>\r\n\t\t          <!-- Images Column -->\r\n\t\t          <div class=\"images-column col-lg-6 col-md-12 col-sm-12\">\r\n\t\t            <div class=\"inner-column\">\r\n\t\t            \t\t              <div class=\"icon-layer-two\" style=\"background-image: url(https:\/\/casasmariavicencio.com\/mv\/wp-content\/themes\/uricko\/images\/main-slider\/icon-3.png)\"><\/div>\r\n\t\t              <div class=\"icon-layer-three\" style=\"background-image: url(https:\/\/casasmariavicencio.com\/mv\/wp-content\/themes\/uricko\/images\/main-slider\/icon-1.png)\"><\/div>\r\n\t\t              <div class=\"icon-layer-four\" style=\"background-image: url(https:\/\/casasmariavicencio.com\/mv\/wp-content\/themes\/uricko\/images\/main-slider\/icon-2.png)\"><\/div>\r\n\t\t          \t\t\t              <div class=\"image\">\r\n\t\t                <img decoding=\"async\" src=\"https:\/\/casasmariavicencio.com\/mv\/wp-content\/uploads\/2022\/04\/maria3.png\" alt=\"\" \/>\r\n\t\t              <\/div>\r\n\t\t              <div class=\"image-two\">\r\n\t\t                <img decoding=\"async\" src=\"\" alt=\"\" \/>\r\n\t\t              <\/div>\r\n\t\t              <div class=\"image-three\">\r\n\t\t                <img decoding=\"async\" src=\"\" alt=\"\" \/>\r\n\t\t              <\/div>\r\n\t\t            <\/div>\r\n\t\t          <\/div>\r\n\t\t        <\/div>\r\n\t\t      <\/div>\r\n\t    <\/section>\r\n\t\t\t<\/div>\n\t\t\t\t<\/div>\n\t\t\t\t\t<\/div>\n\t\t<\/div>\n\t\t\t\t\t\t\t<\/div>\n\t\t<\/section>\n\t\t\t\t<section class=\"elementor-section elementor-top-section elementor-element elementor-element-48102f9 elementor-section-full_width elementor-section-height-default elementor-section-height-default\" data-id=\"48102f9\" data-element_type=\"section\">\n\t\t\t\t\t\t<div class=\"elementor-container elementor-column-gap-no\">\n\t\t\t\t\t<div class=\"elementor-column elementor-col-100 elementor-top-column elementor-element elementor-element-3843dcb\" data-id=\"3843dcb\" data-element_type=\"column\">\n\t\t\t<div class=\"elementor-widget-wrap elementor-element-populated\">\n\t\t\t\t\t\t\t\t<div class=\"elementor-element elementor-element-b3915d8 elementor-align-left elementor-widget elementor-widget-bdevs-testimonials\" data-id=\"b3915d8\" data-element_type=\"widget\" data-widget_type=\"bdevs-testimonials.default\">\n\t\t\t\t<div class=\"elementor-widget-container\">\n\t\t\t\t\t<section class=\"testimonial-section\">\r\n\t\t      <div class=\"auto-container\">\r\n\t\t        <div class=\"row clearfix\">\r\n\t\t        \r\n\t\t          <!-- Images Column -->\r\n\t\t          <div class=\"images-column col-lg-6 col-md-12 col-sm-12\">\r\n\t\t            <div class=\"inner-column\">\r\n\t\t              <span class=\"quote-icon flaticon-quote-1\"><\/span>\r\n\t\t              <div class=\"author\">\r\n\t\t                <img decoding=\"async\" src=\"https:\/\/casasmariavicencio.com\/mv\/wp-content\/uploads\/2022\/04\/WhatsApp-Image-2022-03-31-at-10.22.40-PM-4.jpeg\" alt=\"\" \/>\r\n\t\t              <\/div>\r\n\t\t              \t\t              <div class=\"author-two\">\r\n\t\t                <img decoding=\"async\" src=\"https:\/\/shtheme.org\/demosd\/uricko\/wp-content\/uploads\/2021\/12\/author-2.jpg\" alt=\"\" \/>\r\n\t\t              <\/div>\r\n\t\t              <div class=\"author-three\">\r\n\t\t                <img decoding=\"async\" src=\"https:\/\/shtheme.org\/demosd\/uricko\/wp-content\/uploads\/2021\/12\/author-3.jpg\" alt=\"\" \/>\r\n\t\t              <\/div>\r\n\t\t              <div class=\"author-four\">\r\n\t\t                <img decoding=\"async\" src=\"https:\/\/shtheme.org\/demosd\/uricko\/wp-content\/uploads\/2021\/12\/author-4.jpg\" alt=\"\" \/>\r\n\t\t              <\/div>\r\n\t\t              <div class=\"author-five\">\r\n\t\t                <img decoding=\"async\" src=\"https:\/\/shtheme.org\/demosd\/uricko\/wp-content\/uploads\/2021\/12\/author-5.jpg\" alt=\"\" \/>\r\n\t\t              <\/div>\r\n\t\t          \t  \t\t            <\/div>\r\n\t\t          <\/div>\r\n\t\t          \r\n\t\t          <!-- Carousel Column -->\r\n\t\t          <div class=\"carousel-column col-lg-6 col-md-12 col-sm-12\">\r\n\t\t            <div class=\"inner-column\">\r\n\t\t            \t\t              <div class=\"icon-layer-one\" style=\"background-image: url(https:\/\/casasmariavicencio.com\/mv\/wp-content\/themes\/uricko\/images\/icons\/icon-3.png)\"><\/div>\r\n\t\t              <div class=\"icon-layer-two\" style=\"background-image: url(https:\/\/casasmariavicencio.com\/mv\/wp-content\/themes\/uricko\/images\/icons\/icon-4.jpg)\"><\/div>\r\n\t\t            \t\t            \t\t              <div class=\"sec-title\">\r\n\t\t                <h2>Reviews de mis clientes<\/h2>\r\n\t\t              <\/div>\r\n\t\t            \t\t              <!-- Carousel -->\r\n\t\t              <div class=\"single-item-carousel owl-carousel owl-theme\">\r\n\t\t              \t\t\t                <!-- Testimonial Block -->\r\n\t\t                <div class=\"testimonial-block\">\r\n\t\t                  <div class=\"inner-box\">\r\n\t\t                    <div class=\"text\">Maria was great to work with. She spoke Spanish and English. She translated everything in order for my entire family to understand the process. She went with us to look at different houses. She let us know what was available to us and what was not. She explained everything clearly. She answered at a timely manner<\/div>\r\n\t\t                    <div class=\"author\">Ana Rocket  <span>Hollister,CA <\/span><\/div>\r\n\t\t                  <\/div>\r\n\t\t                <\/div>\r\n\t\t            \t\t\t                <!-- Testimonial Block -->\r\n\t\t                <div class=\"testimonial-block\">\r\n\t\t                  <div class=\"inner-box\">\r\n\t\t                    <div class=\"text\">Highly likely to recommend\n|\n5.0\n\nReport a problem\n05\/21\/2021 - Ana Valencia\nBought a Single Family home in 2021 in Hollister, CA.\n\nLocal knowledge\nProcess expertise\nResponsiveness\nNegotiation skills\nShe was absolutely amazing. She was there when we needed her, she was very knowledgeable. Answered every question and helped us get out house in a very fast and easy manner. 100% recommend her! She was awesome!<\/div>\r\n\t\t                    <div class=\"author\">Ana Valencia  <span>Hollister, CA<\/span><\/div>\r\n\t\t                  <\/div>\r\n\t\t                <\/div>\r\n\t\t            \t\t\t                <!-- Testimonial Block -->\r\n\t\t                <div class=\"testimonial-block\">\r\n\t\t                  <div class=\"inner-box\">\r\n\t\t                    <div class=\"text\">I was a first time home buyer born and raised in the City of San Jose, I did not think it was possible to end up in a home I love with our household income.\nMaria and her team helped me put my finances in perspective and make my dream come true.<\/div>\r\n\t\t                    <div class=\"author\">Irene R.  <span>San Jos\u00e9, CA<\/span><\/div>\r\n\t\t                  <\/div>\r\n\t\t                <\/div>\r\n\t\t            \t\t\t                \r\n\t\t              <\/div>\r\n\t\t            <\/div>\r\n\t\t          <\/div>\r\n\t\t          \r\n\t\t        <\/div>\r\n\t\t      <\/div>\r\n\t\t    <\/section>\r\n\t\t\t<\/div>\n\t\t\t\t<\/div>\n\t\t\t\t\t<\/div>\n\t\t<\/div>\n\t\t\t\t\t\t\t<\/div>\n\t\t<\/section>\n\t\t\t\t\t\t<\/div>\n\t\t\t\t\t<\/div>\n\t\t","protected":false},"excerpt":{"rendered":"<p>Acerca de m\u00ed Inicio Acerca de m\u00ed Soy Mar\u00eda Vicencio Trabajo para Intero en servicios de bienes ra\u00edces. Soy Inmigrante de M\u00e9xico y nac\u00ed en un peque\u00f1o pueblo llamado &#8220;La Huerta, Jalisco&#8221;. Sirvo a la Comunidad Latina en la industria de Bienes Ra\u00edces desde el a\u00f1o 2004.Ayudo a las personas a salvar sus casas haciendo [&hellip;]<\/p>\n","protected":false},"author":1,"featured_media":0,"parent":0,"menu_order":0,"comment_status":"closed","ping_status":"closed","template":"page-templates\/home-1.php","meta":{"footnotes":""},"class_list":["post-72","page","type-page","status-publish","hentry"],"_links":{"self":[{"href":"https:\/\/casasmariavicencio.com\/mv\/wp-json\/wp\/v2\/pages\/72","targetHints":{"allow":["GET"]}}],"collection":[{"href":"https:\/\/casasmariavicencio.com\/mv\/wp-json\/wp\/v2\/pages"}],"about":[{"href":"https:\/\/casasmariavicencio.com\/mv\/wp-json\/wp\/v2\/types\/page"}],"author":[{"embeddable":true,"href":"https:\/\/casasmariavicencio.com\/mv\/wp-json\/wp\/v2\/users\/1"}],"replies":[{"embeddable":true,"href":"https:\/\/casasmariavicencio.com\/mv\/wp-json\/wp\/v2\/comments?post=72"}],"version-history":[{"count":22,"href":"https:\/\/casasmariavicencio.com\/mv\/wp-json\/wp\/v2\/pages\/72\/revisions"}],"predecessor-version":[{"id":692,"href":"https:\/\/casasmariavicencio.com\/mv\/wp-json\/wp\/v2\/pages\/72\/revisions\/692"}],"wp:attachment":[{"href":"https:\/\/casasmariavicencio.com\/mv\/wp-json\/wp\/v2\/media?parent=72"}],"curies":[{"name":"wp","href":"https:\/\/api.w.org\/{rel}","templated":true}]}}