{"id":91,"date":"2021-08-26T03:05:21","date_gmt":"2021-08-26T03:05:21","guid":{"rendered":"https:\/\/shtheme.org\/demosd\/uricko\/?page_id=91"},"modified":"2025-06-10T13:06:13","modified_gmt":"2025-06-10T20:06:13","slug":"contact","status":"publish","type":"page","link":"https:\/\/casasmariavicencio.com\/mv\/contact\/","title":{"rendered":"Contact"},"content":{"rendered":"\t\t<div data-elementor-type=\"wp-page\" data-elementor-id=\"91\" class=\"elementor elementor-91\" data-elementor-settings=\"[]\">\n\t\t\t\t\t\t\t<div class=\"elementor-section-wrap\">\n\t\t\t\t\t\t\t<section class=\"elementor-section elementor-top-section elementor-element elementor-element-94ef81e elementor-section-full_width elementor-section-height-default elementor-section-height-default\" data-id=\"94ef81e\" data-element_type=\"section\">\n\t\t\t\t\t\t<div class=\"elementor-container elementor-column-gap-no\">\n\t\t\t\t\t<div class=\"elementor-column elementor-col-100 elementor-top-column elementor-element elementor-element-14b7a38\" data-id=\"14b7a38\" data-element_type=\"column\">\n\t\t\t<div class=\"elementor-widget-wrap elementor-element-populated\">\n\t\t\t\t\t\t\t\t<div class=\"elementor-element elementor-element-bd691e7 elementor-align-left elementor-widget elementor-widget-bdevs-banner\" data-id=\"bd691e7\" data-element_type=\"widget\" data-widget_type=\"bdevs-banner.default\">\n\t\t\t\t<div class=\"elementor-widget-container\">\n\t\t\t\t\t<section class=\"page-title\" style=\"background-image: url(https:\/\/casasmariavicencio.com\/mv\/wp-content\/uploads\/2022\/04\/62f26520e99441c6804b83aaf5423953.webp)\">\r\n\t\t\t\t\t    <div class=\"icon-layer-one\" style=\"background-image: url(https:\/\/casasmariavicencio.com\/mv\/wp-content\/themes\/uricko\/images\/icons\/icon-1.png)\"><\/div>\r\n\t\t    <div class=\"icon-layer-two\" style=\"background-image: url(https:\/\/casasmariavicencio.com\/mv\/wp-content\/themes\/uricko\/images\/icons\/icon-3.png)\"><\/div>\r\n\t\t    <div class=\"icon-layer-three\" style=\"background-image: url(https:\/\/casasmariavicencio.com\/mv\/wp-content\/themes\/uricko\/images\/icons\/icon-2.png)\"><\/div>\r\n\t\t\t\t\t    <div class=\"auto-container\">\r\n\t            <h2>\nCont\u00e1ctame<\/h2>\r\n\t            \t\t      \t<ul class=\"page-breadcrumb\">\r\n\t\t\t        <li><a href=\"https:\/\/casasmariavicencio.com\/mv\/\">inicio<\/a><\/li>\r\n\t\t\t        <li>Cont\u00e1came<\/li>\r\n\t\t      \t<\/ul>\r\n\t\t      \t\t    \t<\/div>\r\n\t  <\/section>\r\n\t\t\t<\/div>\n\t\t\t\t<\/div>\n\t\t\t\t\t<\/div>\n\t\t<\/div>\n\t\t\t\t\t\t\t<\/div>\n\t\t<\/section>\n\t\t\t\t<section class=\"elementor-section elementor-top-section elementor-element elementor-element-f9769ee elementor-section-full_width elementor-section-height-default elementor-section-height-default\" data-id=\"f9769ee\" data-element_type=\"section\">\n\t\t\t\t\t\t<div class=\"elementor-container elementor-column-gap-no\">\n\t\t\t\t\t<div class=\"elementor-column elementor-col-100 elementor-top-column elementor-element elementor-element-9231dd7\" data-id=\"9231dd7\" data-element_type=\"column\">\n\t\t\t<div class=\"elementor-widget-wrap elementor-element-populated\">\n\t\t\t\t\t\t\t\t<div class=\"elementor-element elementor-element-a983b98 elementor-align-left elementor-widget elementor-widget-bdevs-contact-02\" data-id=\"a983b98\" data-element_type=\"widget\" data-widget_type=\"bdevs-contact-02.default\">\n\t\t\t\t<div class=\"elementor-widget-container\">\n\t\t\t\t\t<section class=\"contact-page-section\">\r\n\t\t\t  <div class=\"auto-container\">\r\n\t\t\t  <!-- Title Box -->\r\n\t\t\t  <div class=\"title-box\">\r\n\t\t\t    <div class=\"icon flaticon-clipboard\"><\/div>\r\n\t\t\t    \t\t\t    <div class=\"title\">\u00bfDeseas vender, comprar o cotizar tu casa?<\/div>\r\n\t\t\t\t\t\t\t    \t\t\t    <h2>Agenda una cita<\/h2>\r\n\t\t\t    \t\t\t  <\/div>\r\n\t\t\t      <div class=\"row clearfix\">\r\n\t\t\t          <!-- Info Column -->\r\n\t\t\t\t    <div class=\"info-column col-lg-6 col-md-12 col-sm-12\">\r\n\t\t\t\t      <div class=\"inner-column\">\r\n\t\t\t\t        <div class=\"text\">Para darte un mejor servicio y aprovechar m\u00e1s su tiempo, llena la forma o ll\u00e1manos para hacer una cita en nuestro horario de trabajo.<\/div><h4>San Jos\u00e9, CA<\/h4><ul class=\"info-list\"><li>1567 Meridian Ave, San\u00a0Jose\u00a0CA\u00a095125<\/li><li><a class=\"oajrlxb2 g5ia77u1 qu0x051f esr5mh6w e9989ue4 r7d6kgcz rq0escxv nhd2j8a9 nc684nl6 p7hjln8o kvgmc6g5 cxmmr5t8 oygrvhab hcukyx3x jb3vyjys rz4wbd8a qt6c0cv9 a8nywdso i1ao9s8h esuyzwwr f1sip0of lzcic4wl gpro0wi8 py34i1dx\" role=\"link\" href=\"https:\/\/api.whatsapp.com\/send?phone=14088332155&amp;app=facebook&amp;entry_point=page_cta&amp;fbclid=IwAR2_5fPtnKATxWAylT5NSFTN8Gmc4w0-mUFaExRPNRwxNtpsticpFPs4OBI\" target=\"_blank\" rel=\"nofollow noopener\">+1 408-833-2155<\/a><\/li><li><a class=\"oajrlxb2 g5ia77u1 qu0x051f esr5mh6w e9989ue4 r7d6kgcz rq0escxv nhd2j8a9 nc684nl6 p7hjln8o kvgmc6g5 cxmmr5t8 oygrvhab hcukyx3x jb3vyjys rz4wbd8a qt6c0cv9 a8nywdso i1ao9s8h esuyzwwr f1sip0of lzcic4wl gpro0wi8 py34i1dx\" role=\"link\" href=\"mailto:mariavicencio82@gmail.com\" target=\"_blank\" rel=\"noopener\">mariavicencio82@gmail.com<\/a><\/li><\/ul>\t\t\t\t      <\/div>\r\n\t\t\t\t    <\/div>\r\n\t\t\t\t    <!-- Form Column -->\r\n\t\t\t\t    <div class=\"form-column col-lg-6 col-md-12 col-sm-12\">\r\n\t\t\t\t      <div class=\"inner-column\">\r\n\t\t\t\t        \r\n\t\t\t\t        <!-- Contact Form -->\r\n\t\t\t\t        <div class=\"contact-form\">\r\n\t\t\t\t          <div role=\"form\" class=\"wpcf7\" id=\"wpcf7-f5-o1\" lang=\"en-US\" dir=\"ltr\">\n<div class=\"screen-reader-response\"><p role=\"status\" aria-live=\"polite\" aria-atomic=\"true\"><\/p> <ul><\/ul><\/div>\n<form action=\"\/mv\/wp-json\/wp\/v2\/pages\/91#wpcf7-f5-o1\" method=\"post\" class=\"wpcf7-form init\" novalidate=\"novalidate\" data-status=\"init\">\n<div style=\"display: none;\">\n<input type=\"hidden\" name=\"_wpcf7\" value=\"5\" \/>\n<input type=\"hidden\" name=\"_wpcf7_version\" value=\"5.5.6\" \/>\n<input type=\"hidden\" name=\"_wpcf7_locale\" value=\"en_US\" \/>\n<input type=\"hidden\" name=\"_wpcf7_unit_tag\" value=\"wpcf7-f5-o1\" \/>\n<input type=\"hidden\" name=\"_wpcf7_container_post\" value=\"0\" \/>\n<input type=\"hidden\" name=\"_wpcf7_posted_data_hash\" value=\"\" \/>\n<\/div>\n<div method=\"post\"  id=\"contact-form\">\n<div class=\"form-group\">\n    <span class=\"wpcf7-form-control-wrap name\"><input type=\"text\" name=\"name\" value=\"\" size=\"40\" class=\"wpcf7-form-control wpcf7-text wpcf7-validates-as-required\" aria-required=\"true\" aria-invalid=\"false\" placeholder=\"Your Name *\" \/><\/span>\n  <\/div>\n<div class=\"form-group\">\n    <span class=\"wpcf7-form-control-wrap email\"><input type=\"email\" name=\"email\" value=\"\" size=\"40\" class=\"wpcf7-form-control wpcf7-text wpcf7-email wpcf7-validates-as-required wpcf7-validates-as-email\" aria-required=\"true\" aria-invalid=\"false\" placeholder=\"Email *\" \/><\/span>\n  <\/div>\n<div class=\"form-group\">\n    <span class=\"wpcf7-form-control-wrap tel-650\"><input type=\"tel\" name=\"tel-650\" value=\"\" size=\"40\" class=\"wpcf7-form-control wpcf7-text wpcf7-tel wpcf7-validates-as-required wpcf7-validates-as-tel\" aria-required=\"true\" aria-invalid=\"false\" placeholder=\"+1408 123 4567 *\" \/><\/span>\n  <\/div>\n<div class=\"form-group\">\n    <span class=\"wpcf7-form-control-wrap message\"><textarea name=\"message\" cols=\"40\" rows=\"10\" class=\"wpcf7-form-control wpcf7-textarea wpcf7-validates-as-required\" aria-required=\"true\" aria-invalid=\"false\" placeholder=\"Your Message *\"><\/textarea><\/span>\n  <\/div>\n<div class=\"form-group\">\n    <input type=\"submit\" value=\"Send Message\" class=\"wpcf7-form-control has-spinner wpcf7-submit theme-btn btn-style-one\" \/>\n  <\/div>\n<\/div>\n<div class=\"wpcf7-response-output\" aria-hidden=\"true\"><\/div><\/form><\/div>\t\t\t\t            \r\n\t\t\t\t        <\/div>\r\n\t\t\t\t        \r\n\t\t\t\t      <\/div>\r\n\t\t\t\t    <\/div>\r\n\t\t        <\/div>\r\n\t\t    <\/div>\r\n\t\t<\/section>\r\n\t\t\t<\/div>\n\t\t\t\t<\/div>\n\t\t\t\t\t<\/div>\n\t\t<\/div>\n\t\t\t\t\t\t\t<\/div>\n\t\t<\/section>\n\t\t\t\t<section class=\"elementor-section elementor-top-section elementor-element elementor-element-9c3e7a5 elementor-section-full_width elementor-section-height-default elementor-section-height-default\" data-id=\"9c3e7a5\" data-element_type=\"section\">\n\t\t\t\t\t\t<div class=\"elementor-container elementor-column-gap-no\">\n\t\t\t\t\t<div class=\"elementor-column elementor-col-100 elementor-top-column elementor-element elementor-element-c87e52f\" data-id=\"c87e52f\" data-element_type=\"column\">\n\t\t\t<div class=\"elementor-widget-wrap elementor-element-populated\">\n\t\t\t\t\t\t\t\t<div class=\"elementor-element elementor-element-9467098 elementor-widget elementor-widget-google_maps\" data-id=\"9467098\" data-element_type=\"widget\" data-widget_type=\"google_maps.default\">\n\t\t\t\t<div class=\"elementor-widget-container\">\n\t\t\t<div class=\"elementor-custom-embed\"><iframe frameborder=\"0\" scrolling=\"no\" marginheight=\"0\" marginwidth=\"0\" src=\"https:\/\/maps.google.com\/maps?q=Casas%20de%20Maria%20vicencio&amp;t=m&amp;z=15&amp;output=embed&amp;iwloc=near\" title=\"Casas de Maria vicencio\" aria-label=\"Casas de Maria vicencio\"><\/iframe><\/div>\t\t<\/div>\n\t\t\t\t<\/div>\n\t\t\t\t\t<\/div>\n\t\t<\/div>\n\t\t\t\t\t\t\t<\/div>\n\t\t<\/section>\n\t\t\t\t\t\t<\/div>\n\t\t\t\t\t<\/div>\n\t\t","protected":false},"excerpt":{"rendered":"<p>Cont\u00e1ctame inicio Cont\u00e1came \u00bfDeseas vender, comprar o cotizar tu casa? Agenda una cita Para darte un mejor servicio y aprovechar m\u00e1s su tiempo, llena la forma o ll\u00e1manos para hacer una cita en nuestro horario de trabajo.San Jos\u00e9, CA1567 Meridian Ave, San\u00a0Jose\u00a0CA\u00a095125+1 408-833-2155mariavicencio82@gmail.com<\/p>\n","protected":false},"author":1,"featured_media":0,"parent":0,"menu_order":0,"comment_status":"closed","ping_status":"closed","template":"page-templates\/home-1.php","meta":{"footnotes":""},"class_list":["post-91","page","type-page","status-publish","hentry"],"_links":{"self":[{"href":"https:\/\/casasmariavicencio.com\/mv\/wp-json\/wp\/v2\/pages\/91","targetHints":{"allow":["GET"]}}],"collection":[{"href":"https:\/\/casasmariavicencio.com\/mv\/wp-json\/wp\/v2\/pages"}],"about":[{"href":"https:\/\/casasmariavicencio.com\/mv\/wp-json\/wp\/v2\/types\/page"}],"author":[{"embeddable":true,"href":"https:\/\/casasmariavicencio.com\/mv\/wp-json\/wp\/v2\/users\/1"}],"replies":[{"embeddable":true,"href":"https:\/\/casasmariavicencio.com\/mv\/wp-json\/wp\/v2\/comments?post=91"}],"version-history":[{"count":9,"href":"https:\/\/casasmariavicencio.com\/mv\/wp-json\/wp\/v2\/pages\/91\/revisions"}],"predecessor-version":[{"id":785,"href":"https:\/\/casasmariavicencio.com\/mv\/wp-json\/wp\/v2\/pages\/91\/revisions\/785"}],"wp:attachment":[{"href":"https:\/\/casasmariavicencio.com\/mv\/wp-json\/wp\/v2\/media?parent=91"}],"curies":[{"name":"wp","href":"https:\/\/api.w.org\/{rel}","templated":true}]}}